{"id":12277,"date":"2025-03-09T18:16:40","date_gmt":"2025-03-09T17:16:40","guid":{"rendered":"https:\/\/farnostlipany.sk\/?page_id=12277"},"modified":"2025-03-09T18:25:25","modified_gmt":"2025-03-09T17:25:25","slug":"pozehnanie-krizovej-cesty-na-cintorine-9-3","status":"publish","type":"page","link":"https:\/\/farnostlipany.sk\/?page_id=12277","title":{"rendered":"Po\u017eehnanie kr\u00ed\u017eovej cesty na cintor\u00edne, 9.3.2025"},"content":{"rendered":"\t\t<div data-elementor-type=\"wp-page\" data-elementor-id=\"12277\" class=\"elementor elementor-12277\">\n\t\t\t\t<div class=\"elementor-element elementor-element-b06e2e6 e-flex e-con-boxed e-con e-parent\" data-id=\"b06e2e6\" data-element_type=\"container\">\n\t\t\t\t\t<div class=\"e-con-inner\">\n\t\t\t\t<div class=\"elementor-element elementor-element-52f82bb elementor-widget elementor-widget-image-gallery\" data-id=\"52f82bb\" data-element_type=\"widget\" data-widget_type=\"image-gallery.default\">\n\t\t\t\t<div class=\"elementor-widget-container\">\n\t\t\t\t\t\t\t<div class=\"elementor-image-gallery\">\n\t\t\t<div id='gallery-1' class='gallery galleryid-12277 gallery-columns-4 gallery-size-thumbnail'><figure class='gallery-item'>\n\t\t\t<div class='gallery-icon portrait'>\n\t\t\t\t<a data-elementor-open-lightbox=\"yes\" data-elementor-lightbox-slideshow=\"52f82bb\" data-elementor-lightbox-title=\"20250309_140239\" data-e-action-hash=\"#elementor-action%3Aaction%3Dlightbox%26settings%3DeyJpZCI6MTIyNzQsInVybCI6Imh0dHBzOlwvXC9mYXJub3N0bGlwYW55LnNrXC93cC1jb250ZW50XC91cGxvYWRzXC8yMDI1XC8wM1wvMjAyNTAzMDlfMTQwMjM5LmpwZyIsInNsaWRlc2hvdyI6IjUyZjgyYmIifQ%3D%3D\" href='https:\/\/farnostlipany.sk\/wp-content\/uploads\/2025\/03\/20250309_140239.jpg'><img decoding=\"async\" width=\"150\" height=\"150\" src=\"https:\/\/farnostlipany.sk\/wp-content\/uploads\/2025\/03\/20250309_140239-150x150.jpg\" class=\"attachment-thumbnail size-thumbnail\" alt=\"\" \/><\/a>\n\t\t\t<\/div><\/figure><figure class='gallery-item'>\n\t\t\t<div class='gallery-icon portrait'>\n\t\t\t\t<a data-elementor-open-lightbox=\"yes\" data-elementor-lightbox-slideshow=\"52f82bb\" data-elementor-lightbox-title=\"20250309_140251\" data-e-action-hash=\"#elementor-action%3Aaction%3Dlightbox%26settings%3DeyJpZCI6MTIyODQsInVybCI6Imh0dHBzOlwvXC9mYXJub3N0bGlwYW55LnNrXC93cC1jb250ZW50XC91cGxvYWRzXC8yMDI1XC8wM1wvMjAyNTAzMDlfMTQwMjUxLmpwZyIsInNsaWRlc2hvdyI6IjUyZjgyYmIifQ%3D%3D\" href='https:\/\/farnostlipany.sk\/wp-content\/uploads\/2025\/03\/20250309_140251.jpg'><img decoding=\"async\" width=\"150\" height=\"150\" src=\"https:\/\/farnostlipany.sk\/wp-content\/uploads\/2025\/03\/20250309_140251-150x150.jpg\" class=\"attachment-thumbnail size-thumbnail\" alt=\"\" \/><\/a>\n\t\t\t<\/div><\/figure><figure class='gallery-item'>\n\t\t\t<div class='gallery-icon portrait'>\n\t\t\t\t<a data-elementor-open-lightbox=\"yes\" data-elementor-lightbox-slideshow=\"52f82bb\" data-elementor-lightbox-title=\"20250309_140256\" data-e-action-hash=\"#elementor-action%3Aaction%3Dlightbox%26settings%3DeyJpZCI6MTIyODUsInVybCI6Imh0dHBzOlwvXC9mYXJub3N0bGlwYW55LnNrXC93cC1jb250ZW50XC91cGxvYWRzXC8yMDI1XC8wM1wvMjAyNTAzMDlfMTQwMjU2LmpwZyIsInNsaWRlc2hvdyI6IjUyZjgyYmIifQ%3D%3D\" href='https:\/\/farnostlipany.sk\/wp-content\/uploads\/2025\/03\/20250309_140256.jpg'><img decoding=\"async\" width=\"150\" height=\"150\" src=\"https:\/\/farnostlipany.sk\/wp-content\/uploads\/2025\/03\/20250309_140256-150x150.jpg\" class=\"attachment-thumbnail size-thumbnail\" alt=\"\" \/><\/a>\n\t\t\t<\/div><\/figure><figure class='gallery-item'>\n\t\t\t<div class='gallery-icon portrait'>\n\t\t\t\t<a data-elementor-open-lightbox=\"yes\" data-elementor-lightbox-slideshow=\"52f82bb\" data-elementor-lightbox-title=\"20250309_140259\" data-e-action-hash=\"#elementor-action%3Aaction%3Dlightbox%26settings%3DeyJpZCI6MTIyODYsInVybCI6Imh0dHBzOlwvXC9mYXJub3N0bGlwYW55LnNrXC93cC1jb250ZW50XC91cGxvYWRzXC8yMDI1XC8wM1wvMjAyNTAzMDlfMTQwMjU5LmpwZyIsInNsaWRlc2hvdyI6IjUyZjgyYmIifQ%3D%3D\" href='https:\/\/farnostlipany.sk\/wp-content\/uploads\/2025\/03\/20250309_140259.jpg'><img loading=\"lazy\" decoding=\"async\" width=\"150\" height=\"150\" src=\"https:\/\/farnostlipany.sk\/wp-content\/uploads\/2025\/03\/20250309_140259-150x150.jpg\" class=\"attachment-thumbnail size-thumbnail\" alt=\"\" \/><\/a>\n\t\t\t<\/div><\/figure><figure class='gallery-item'>\n\t\t\t<div class='gallery-icon portrait'>\n\t\t\t\t<a data-elementor-open-lightbox=\"yes\" data-elementor-lightbox-slideshow=\"52f82bb\" data-elementor-lightbox-title=\"20250309_140302\" data-e-action-hash=\"#elementor-action%3Aaction%3Dlightbox%26settings%3DeyJpZCI6MTIyODcsInVybCI6Imh0dHBzOlwvXC9mYXJub3N0bGlwYW55LnNrXC93cC1jb250ZW50XC91cGxvYWRzXC8yMDI1XC8wM1wvMjAyNTAzMDlfMTQwMzAyLmpwZyIsInNsaWRlc2hvdyI6IjUyZjgyYmIifQ%3D%3D\" href='https:\/\/farnostlipany.sk\/wp-content\/uploads\/2025\/03\/20250309_140302.jpg'><img loading=\"lazy\" decoding=\"async\" width=\"150\" height=\"150\" src=\"https:\/\/farnostlipany.sk\/wp-content\/uploads\/2025\/03\/20250309_140302-150x150.jpg\" class=\"attachment-thumbnail size-thumbnail\" alt=\"\" \/><\/a>\n\t\t\t<\/div><\/figure><figure class='gallery-item'>\n\t\t\t<div class='gallery-icon portrait'>\n\t\t\t\t<a data-elementor-open-lightbox=\"yes\" data-elementor-lightbox-slideshow=\"52f82bb\" data-elementor-lightbox-title=\"20250309_140325\" data-e-action-hash=\"#elementor-action%3Aaction%3Dlightbox%26settings%3DeyJpZCI6MTIyODgsInVybCI6Imh0dHBzOlwvXC9mYXJub3N0bGlwYW55LnNrXC93cC1jb250ZW50XC91cGxvYWRzXC8yMDI1XC8wM1wvMjAyNTAzMDlfMTQwMzI1LmpwZyIsInNsaWRlc2hvdyI6IjUyZjgyYmIifQ%3D%3D\" href='https:\/\/farnostlipany.sk\/wp-content\/uploads\/2025\/03\/20250309_140325.jpg'><img loading=\"lazy\" decoding=\"async\" width=\"150\" height=\"150\" src=\"https:\/\/farnostlipany.sk\/wp-content\/uploads\/2025\/03\/20250309_140325-150x150.jpg\" class=\"attachment-thumbnail size-thumbnail\" alt=\"\" \/><\/a>\n\t\t\t<\/div><\/figure><figure class='gallery-item'>\n\t\t\t<div class='gallery-icon landscape'>\n\t\t\t\t<a data-elementor-open-lightbox=\"yes\" data-elementor-lightbox-slideshow=\"52f82bb\" data-elementor-lightbox-title=\"IMG_2386\" data-e-action-hash=\"#elementor-action%3Aaction%3Dlightbox%26settings%3DeyJpZCI6MTIyODksInVybCI6Imh0dHBzOlwvXC9mYXJub3N0bGlwYW55LnNrXC93cC1jb250ZW50XC91cGxvYWRzXC8yMDI1XC8wM1wvSU1HXzIzODYuanBlZyIsInNsaWRlc2hvdyI6IjUyZjgyYmIifQ%3D%3D\" href='https:\/\/farnostlipany.sk\/wp-content\/uploads\/2025\/03\/IMG_2386.jpeg'><img loading=\"lazy\" decoding=\"async\" width=\"150\" height=\"150\" src=\"https:\/\/farnostlipany.sk\/wp-content\/uploads\/2025\/03\/IMG_2386-150x150.jpeg\" class=\"attachment-thumbnail size-thumbnail\" alt=\"\" \/><\/a>\n\t\t\t<\/div><\/figure><figure class='gallery-item'>\n\t\t\t<div class='gallery-icon landscape'>\n\t\t\t\t<a data-elementor-open-lightbox=\"yes\" data-elementor-lightbox-slideshow=\"52f82bb\" data-elementor-lightbox-title=\"IMG_2387\" data-e-action-hash=\"#elementor-action%3Aaction%3Dlightbox%26settings%3DeyJpZCI6MTIyOTAsInVybCI6Imh0dHBzOlwvXC9mYXJub3N0bGlwYW55LnNrXC93cC1jb250ZW50XC91cGxvYWRzXC8yMDI1XC8wM1wvSU1HXzIzODcuanBlZyIsInNsaWRlc2hvdyI6IjUyZjgyYmIifQ%3D%3D\" href='https:\/\/farnostlipany.sk\/wp-content\/uploads\/2025\/03\/IMG_2387.jpeg'><img loading=\"lazy\" decoding=\"async\" width=\"150\" height=\"150\" src=\"https:\/\/farnostlipany.sk\/wp-content\/uploads\/2025\/03\/IMG_2387-150x150.jpeg\" class=\"attachment-thumbnail size-thumbnail\" alt=\"\" \/><\/a>\n\t\t\t<\/div><\/figure><figure class='gallery-item'>\n\t\t\t<div class='gallery-icon landscape'>\n\t\t\t\t<a data-elementor-open-lightbox=\"yes\" data-elementor-lightbox-slideshow=\"52f82bb\" data-elementor-lightbox-title=\"IMG_2389\" data-e-action-hash=\"#elementor-action%3Aaction%3Dlightbox%26settings%3DeyJpZCI6MTIyOTEsInVybCI6Imh0dHBzOlwvXC9mYXJub3N0bGlwYW55LnNrXC93cC1jb250ZW50XC91cGxvYWRzXC8yMDI1XC8wM1wvSU1HXzIzODkuanBlZyIsInNsaWRlc2hvdyI6IjUyZjgyYmIifQ%3D%3D\" href='https:\/\/farnostlipany.sk\/wp-content\/uploads\/2025\/03\/IMG_2389.jpeg'><img loading=\"lazy\" decoding=\"async\" width=\"150\" height=\"150\" src=\"https:\/\/farnostlipany.sk\/wp-content\/uploads\/2025\/03\/IMG_2389-150x150.jpeg\" class=\"attachment-thumbnail size-thumbnail\" alt=\"\" \/><\/a>\n\t\t\t<\/div><\/figure><figure class='gallery-item'>\n\t\t\t<div class='gallery-icon landscape'>\n\t\t\t\t<a data-elementor-open-lightbox=\"yes\" data-elementor-lightbox-slideshow=\"52f82bb\" data-elementor-lightbox-title=\"IMG_2394\" data-e-action-hash=\"#elementor-action%3Aaction%3Dlightbox%26settings%3DeyJpZCI6MTIyOTIsInVybCI6Imh0dHBzOlwvXC9mYXJub3N0bGlwYW55LnNrXC93cC1jb250ZW50XC91cGxvYWRzXC8yMDI1XC8wM1wvSU1HXzIzOTQuanBlZyIsInNsaWRlc2hvdyI6IjUyZjgyYmIifQ%3D%3D\" href='https:\/\/farnostlipany.sk\/wp-content\/uploads\/2025\/03\/IMG_2394.jpeg'><img loading=\"lazy\" decoding=\"async\" width=\"150\" height=\"150\" src=\"https:\/\/farnostlipany.sk\/wp-content\/uploads\/2025\/03\/IMG_2394-150x150.jpeg\" class=\"attachment-thumbnail size-thumbnail\" alt=\"\" \/><\/a>\n\t\t\t<\/div><\/figure><figure class='gallery-item'>\n\t\t\t<div class='gallery-icon landscape'>\n\t\t\t\t<a data-elementor-open-lightbox=\"yes\" data-elementor-lightbox-slideshow=\"52f82bb\" data-elementor-lightbox-title=\"IMG_2399\" data-e-action-hash=\"#elementor-action%3Aaction%3Dlightbox%26settings%3DeyJpZCI6MTIyOTMsInVybCI6Imh0dHBzOlwvXC9mYXJub3N0bGlwYW55LnNrXC93cC1jb250ZW50XC91cGxvYWRzXC8yMDI1XC8wM1wvSU1HXzIzOTkuanBlZyIsInNsaWRlc2hvdyI6IjUyZjgyYmIifQ%3D%3D\" href='https:\/\/farnostlipany.sk\/wp-content\/uploads\/2025\/03\/IMG_2399.jpeg'><img loading=\"lazy\" decoding=\"async\" width=\"150\" height=\"150\" src=\"https:\/\/farnostlipany.sk\/wp-content\/uploads\/2025\/03\/IMG_2399-150x150.jpeg\" class=\"attachment-thumbnail size-thumbnail\" alt=\"\" \/><\/a>\n\t\t\t<\/div><\/figure><figure class='gallery-item'>\n\t\t\t<div class='gallery-icon landscape'>\n\t\t\t\t<a data-elementor-open-lightbox=\"yes\" data-elementor-lightbox-slideshow=\"52f82bb\" data-elementor-lightbox-title=\"IMG_2401\" data-e-action-hash=\"#elementor-action%3Aaction%3Dlightbox%26settings%3DeyJpZCI6MTIyOTQsInVybCI6Imh0dHBzOlwvXC9mYXJub3N0bGlwYW55LnNrXC93cC1jb250ZW50XC91cGxvYWRzXC8yMDI1XC8wM1wvSU1HXzI0MDEuanBlZyIsInNsaWRlc2hvdyI6IjUyZjgyYmIifQ%3D%3D\" href='https:\/\/farnostlipany.sk\/wp-content\/uploads\/2025\/03\/IMG_2401.jpeg'><img loading=\"lazy\" decoding=\"async\" width=\"150\" height=\"150\" src=\"https:\/\/farnostlipany.sk\/wp-content\/uploads\/2025\/03\/IMG_2401-150x150.jpeg\" class=\"attachment-thumbnail size-thumbnail\" alt=\"\" \/><\/a>\n\t\t\t<\/div><\/figure><figure class='gallery-item'>\n\t\t\t<div class='gallery-icon landscape'>\n\t\t\t\t<a data-elementor-open-lightbox=\"yes\" data-elementor-lightbox-slideshow=\"52f82bb\" data-elementor-lightbox-title=\"IMG_2404\" data-e-action-hash=\"#elementor-action%3Aaction%3Dlightbox%26settings%3DeyJpZCI6MTIyOTUsInVybCI6Imh0dHBzOlwvXC9mYXJub3N0bGlwYW55LnNrXC93cC1jb250ZW50XC91cGxvYWRzXC8yMDI1XC8wM1wvSU1HXzI0MDQuanBlZyIsInNsaWRlc2hvdyI6IjUyZjgyYmIifQ%3D%3D\" href='https:\/\/farnostlipany.sk\/wp-content\/uploads\/2025\/03\/IMG_2404.jpeg'><img loading=\"lazy\" decoding=\"async\" width=\"150\" height=\"150\" src=\"https:\/\/farnostlipany.sk\/wp-content\/uploads\/2025\/03\/IMG_2404-150x150.jpeg\" class=\"attachment-thumbnail size-thumbnail\" alt=\"\" \/><\/a>\n\t\t\t<\/div><\/figure><figure class='gallery-item'>\n\t\t\t<div class='gallery-icon landscape'>\n\t\t\t\t<a data-elementor-open-lightbox=\"yes\" data-elementor-lightbox-slideshow=\"52f82bb\" data-elementor-lightbox-title=\"IMG_2405\" data-e-action-hash=\"#elementor-action%3Aaction%3Dlightbox%26settings%3DeyJpZCI6MTIyOTYsInVybCI6Imh0dHBzOlwvXC9mYXJub3N0bGlwYW55LnNrXC93cC1jb250ZW50XC91cGxvYWRzXC8yMDI1XC8wM1wvSU1HXzI0MDUuanBlZyIsInNsaWRlc2hvdyI6IjUyZjgyYmIifQ%3D%3D\" href='https:\/\/farnostlipany.sk\/wp-content\/uploads\/2025\/03\/IMG_2405.jpeg'><img loading=\"lazy\" decoding=\"async\" width=\"150\" height=\"150\" src=\"https:\/\/farnostlipany.sk\/wp-content\/uploads\/2025\/03\/IMG_2405-150x150.jpeg\" class=\"attachment-thumbnail size-thumbnail\" alt=\"\" \/><\/a>\n\t\t\t<\/div><\/figure><figure class='gallery-item'>\n\t\t\t<div class='gallery-icon landscape'>\n\t\t\t\t<a data-elementor-open-lightbox=\"yes\" data-elementor-lightbox-slideshow=\"52f82bb\" data-elementor-lightbox-title=\"IMG_2406\" data-e-action-hash=\"#elementor-action%3Aaction%3Dlightbox%26settings%3DeyJpZCI6MTIyOTcsInVybCI6Imh0dHBzOlwvXC9mYXJub3N0bGlwYW55LnNrXC93cC1jb250ZW50XC91cGxvYWRzXC8yMDI1XC8wM1wvSU1HXzI0MDYuanBlZyIsInNsaWRlc2hvdyI6IjUyZjgyYmIifQ%3D%3D\" href='https:\/\/farnostlipany.sk\/wp-content\/uploads\/2025\/03\/IMG_2406.jpeg'><img loading=\"lazy\" decoding=\"async\" width=\"150\" height=\"150\" src=\"https:\/\/farnostlipany.sk\/wp-content\/uploads\/2025\/03\/IMG_2406-150x150.jpeg\" class=\"attachment-thumbnail size-thumbnail\" alt=\"\" \/><\/a>\n\t\t\t<\/div><\/figure>\n\t\t<\/div>\n\t\t<\/div>\n\t\t\t\t\t\t<\/div>\n\t\t\t\t<\/div>\n\t\t\t\t\t<\/div>\n\t\t\t\t<\/div>\n\t\t\t\t<\/div>\n\t\t","protected":false},"excerpt":{"rendered":"","protected":false},"author":5,"featured_media":0,"parent":0,"menu_order":0,"comment_status":"closed","ping_status":"closed","template":"","meta":{"_monsterinsights_skip_tracking":false,"_monsterinsights_sitenote_active":false,"_monsterinsights_sitenote_note":"","_monsterinsights_sitenote_category":0,"footnotes":""},"class_list":["post-12277","page","type-page","status-publish","hentry"],"_links":{"self":[{"href":"https:\/\/farnostlipany.sk\/index.php?rest_route=\/wp\/v2\/pages\/12277","targetHints":{"allow":["GET"]}}],"collection":[{"href":"https:\/\/farnostlipany.sk\/index.php?rest_route=\/wp\/v2\/pages"}],"about":[{"href":"https:\/\/farnostlipany.sk\/index.php?rest_route=\/wp\/v2\/types\/page"}],"author":[{"embeddable":true,"href":"https:\/\/farnostlipany.sk\/index.php?rest_route=\/wp\/v2\/users\/5"}],"replies":[{"embeddable":true,"href":"https:\/\/farnostlipany.sk\/index.php?rest_route=%2Fwp%2Fv2%2Fcomments&post=12277"}],"version-history":[{"count":5,"href":"https:\/\/farnostlipany.sk\/index.php?rest_route=\/wp\/v2\/pages\/12277\/revisions"}],"predecessor-version":[{"id":12300,"href":"https:\/\/farnostlipany.sk\/index.php?rest_route=\/wp\/v2\/pages\/12277\/revisions\/12300"}],"wp:attachment":[{"href":"https:\/\/farnostlipany.sk\/index.php?rest_route=%2Fwp%2Fv2%2Fmedia&parent=12277"}],"curies":[{"name":"wp","href":"https:\/\/api.w.org\/{rel}","templated":true}]}}