{"id":579,"date":"2019-06-25T10:30:22","date_gmt":"2019-06-25T08:30:22","guid":{"rendered":"https:\/\/farnostlipany.sk\/?page_id=579"},"modified":"2019-06-25T10:32:39","modified_gmt":"2019-06-25T08:32:39","slug":"gdpr","status":"publish","type":"page","link":"https:\/\/farnostlipany.sk\/?page_id=579","title":{"rendered":"GDPR"},"content":{"rendered":"\t\t<div data-elementor-type=\"wp-post\" data-elementor-id=\"579\" class=\"elementor elementor-579\">\n\t\t\t\t\t\t<section class=\"elementor-section elementor-top-section elementor-element elementor-element-9cf379c elementor-section-boxed elementor-section-height-default elementor-section-height-default\" data-id=\"9cf379c\" data-element_type=\"section\">\n\t\t\t\t\t\t<div class=\"elementor-container elementor-column-gap-default\">\n\t\t\t\t\t<div class=\"elementor-column elementor-col-100 elementor-top-column elementor-element elementor-element-0eca6ba\" data-id=\"0eca6ba\" data-element_type=\"column\">\n\t\t\t<div class=\"elementor-widget-wrap elementor-element-populated\">\n\t\t\t\t\t\t<div class=\"elementor-element elementor-element-bb31e85 elementor-widget elementor-widget-text-editor\" data-id=\"bb31e85\" data-element_type=\"widget\" data-widget_type=\"text-editor.default\">\n\t\t\t\t<div class=\"elementor-widget-container\">\n\t\t\t\t\t\t\t\t\t<p>Inform\u00e1cie o ochrane osobn\u00fdch \u00fadajov v R\u00edmskokatol\u00edckej cirkvi <a href=\"https:\/\/www.ke-arcidieceza.sk\/sk\/gdpr-%E2%80%93-ochrana-osobnych-udajov\">n\u00e1jdete tu.<\/a><\/p>\t\t\t\t\t\t\t\t<\/div>\n\t\t\t\t<\/div>\n\t\t\t\t\t<\/div>\n\t\t<\/div>\n\t\t\t\t\t<\/div>\n\t\t<\/section>\n\t\t\t\t<\/div>\n\t\t","protected":false},"excerpt":{"rendered":"<p>Inform\u00e1cie o ochrane osobn\u00fdch \u00fadajov v R\u00edmskokatol\u00edckej cirkvi n\u00e1jdete tu.<\/p>\n","protected":false},"author":3,"featured_media":0,"parent":0,"menu_order":0,"comment_status":"closed","ping_status":"closed","template":"","meta":{"_monsterinsights_skip_tracking":false,"_monsterinsights_sitenote_active":false,"_monsterinsights_sitenote_note":"","_monsterinsights_sitenote_category":0,"footnotes":""},"class_list":["post-579","page","type-page","status-publish","hentry"],"_links":{"self":[{"href":"https:\/\/farnostlipany.sk\/index.php?rest_route=\/wp\/v2\/pages\/579","targetHints":{"allow":["GET"]}}],"collection":[{"href":"https:\/\/farnostlipany.sk\/index.php?rest_route=\/wp\/v2\/pages"}],"about":[{"href":"https:\/\/farnostlipany.sk\/index.php?rest_route=\/wp\/v2\/types\/page"}],"author":[{"embeddable":true,"href":"https:\/\/farnostlipany.sk\/index.php?rest_route=\/wp\/v2\/users\/3"}],"replies":[{"embeddable":true,"href":"https:\/\/farnostlipany.sk\/index.php?rest_route=%2Fwp%2Fv2%2Fcomments&post=579"}],"version-history":[{"count":2,"href":"https:\/\/farnostlipany.sk\/index.php?rest_route=\/wp\/v2\/pages\/579\/revisions"}],"predecessor-version":[{"id":582,"href":"https:\/\/farnostlipany.sk\/index.php?rest_route=\/wp\/v2\/pages\/579\/revisions\/582"}],"wp:attachment":[{"href":"https:\/\/farnostlipany.sk\/index.php?rest_route=%2Fwp%2Fv2%2Fmedia&parent=579"}],"curies":[{"name":"wp","href":"https:\/\/api.w.org\/{rel}","templated":true}]}}