{"id":6,"date":"2024-12-12T09:46:31","date_gmt":"2024-12-12T08:46:31","guid":{"rendered":"http:\/\/farnostlipany.sk\/?page_id=6"},"modified":"2026-04-18T07:53:01","modified_gmt":"2026-04-18T05:53:01","slug":"oznamy","status":"publish","type":"page","link":"https:\/\/farnostlipany.sk\/","title":{"rendered":"\u00daVOD"},"content":{"rendered":"\t\t<div data-elementor-type=\"wp-post\" data-elementor-id=\"6\" class=\"elementor elementor-6\">\n\t\t\t\t<div class=\"elementor-element elementor-element-005bb41 e-flex e-con-boxed e-con e-parent\" data-id=\"005bb41\" data-element_type=\"container\">\n\t\t\t\t\t<div class=\"e-con-inner\">\n\t\t\t\t<div class=\"elementor-element elementor-element-1781274 elementor-widget elementor-widget-image\" data-id=\"1781274\" data-element_type=\"widget\" data-widget_type=\"image.default\">\n\t\t\t\t<div class=\"elementor-widget-container\">\n\t\t\t\t\t\t\t\t\t\t\t\t\t\t\t<img decoding=\"async\" width=\"150\" height=\"150\" src=\"https:\/\/farnostlipany.sk\/wp-content\/uploads\/2023\/03\/magazine-flat-line-icon-vector-outline-illustration-news-brochure-catalog-page-latest-press-thin-linear-pictogram-196390043-150x150.jpg\" class=\"attachment-thumbnail size-thumbnail wp-image-9753\" alt=\"\" \/>\t\t\t\t\t\t\t\t\t\t\t\t\t\t\t<\/div>\n\t\t\t\t<\/div>\n\t\t<div class=\"elementor-element elementor-element-32c8c16 e-con-full e-flex e-con e-child\" data-id=\"32c8c16\" data-element_type=\"container\">\n\t\t\t\t<div class=\"elementor-element elementor-element-acfaa0f elementor-widget-divider--view-line elementor-widget elementor-widget-divider\" data-id=\"acfaa0f\" data-element_type=\"widget\" data-widget_type=\"divider.default\">\n\t\t\t\t<div class=\"elementor-widget-container\">\n\t\t\t\t\t\t\t<div class=\"elementor-divider\">\n\t\t\t<span class=\"elementor-divider-separator\">\n\t\t\t\t\t\t<\/span>\n\t\t<\/div>\n\t\t\t\t\t\t<\/div>\n\t\t\t\t<\/div>\n\t\t\t\t<div class=\"elementor-element elementor-element-1e53149 elementor-widget__width-initial elementor-widget elementor-widget-heading\" data-id=\"1e53149\" data-element_type=\"widget\" data-widget_type=\"heading.default\">\n\t\t\t\t<div class=\"elementor-widget-container\">\n\t\t\t\t\t<h2 class=\"elementor-heading-title elementor-size-default\"><a href=\"https:\/\/farnostlipany.sk\/wp-content\/uploads\/2026\/04\/FL16-18.pdf\" target=\"_blank\">Farsk\u00fd list\n- AKTU\u00c1LNY<\/a><\/h2>\t\t\t\t<\/div>\n\t\t\t\t<\/div>\n\t\t\t\t<\/div>\n\t\t\t\t\t<\/div>\n\t\t\t\t<\/div>\n\t\t<div class=\"elementor-element elementor-element-31bb144 e-flex e-con-boxed e-con e-parent\" data-id=\"31bb144\" data-element_type=\"container\">\n\t\t\t\t\t<div class=\"e-con-inner\">\n\t\t\t\t<div class=\"elementor-element elementor-element-d221708 elementor-widget elementor-widget-image\" data-id=\"d221708\" data-element_type=\"widget\" data-widget_type=\"image.default\">\n\t\t\t\t<div class=\"elementor-widget-container\">\n\t\t\t\t\t\t\t\t\t\t\t\t\t\t\t<img fetchpriority=\"high\" decoding=\"async\" width=\"940\" height=\"788\" src=\"https:\/\/farnostlipany.sk\/wp-content\/uploads\/2026\/04\/PSK-2026.jpg\" class=\"attachment-large size-large wp-image-13122\" alt=\"\" srcset=\"https:\/\/farnostlipany.sk\/wp-content\/uploads\/2026\/04\/PSK-2026.jpg 940w, https:\/\/farnostlipany.sk\/wp-content\/uploads\/2026\/04\/PSK-2026-300x251.jpg 300w, https:\/\/farnostlipany.sk\/wp-content\/uploads\/2026\/04\/PSK-2026-768x644.jpg 768w\" sizes=\"(max-width: 940px) 100vw, 940px\" \/>\t\t\t\t\t\t\t\t\t\t\t\t\t\t\t<\/div>\n\t\t\t\t<\/div>\n\t\t\t\t\t<\/div>\n\t\t\t\t<\/div>\n\t\t<div class=\"elementor-element elementor-element-b502bc2 e-flex e-con-boxed e-con e-parent\" data-id=\"b502bc2\" data-element_type=\"container\">\n\t\t\t\t\t<div class=\"e-con-inner\">\n\t\t\t\t<div class=\"elementor-element elementor-element-4ee788a elementor-widget elementor-widget-image\" data-id=\"4ee788a\" data-element_type=\"widget\" data-widget_type=\"image.default\">\n\t\t\t\t<div class=\"elementor-widget-container\">\n\t\t\t\t\t\t\t\t\t\t\t\t\t\t\t<img decoding=\"async\" width=\"724\" height=\"1024\" src=\"https:\/\/farnostlipany.sk\/wp-content\/uploads\/2026\/04\/Lipianska-Hudobna-jar-2026-724x1024.jpg\" class=\"attachment-large size-large wp-image-13114\" alt=\"\" srcset=\"https:\/\/farnostlipany.sk\/wp-content\/uploads\/2026\/04\/Lipianska-Hudobna-jar-2026-724x1024.jpg 724w, https:\/\/farnostlipany.sk\/wp-content\/uploads\/2026\/04\/Lipianska-Hudobna-jar-2026-212x300.jpg 212w, https:\/\/farnostlipany.sk\/wp-content\/uploads\/2026\/04\/Lipianska-Hudobna-jar-2026-768x1086.jpg 768w, https:\/\/farnostlipany.sk\/wp-content\/uploads\/2026\/04\/Lipianska-Hudobna-jar-2026-1086x1536.jpg 1086w, https:\/\/farnostlipany.sk\/wp-content\/uploads\/2026\/04\/Lipianska-Hudobna-jar-2026-1448x2048.jpg 1448w, https:\/\/farnostlipany.sk\/wp-content\/uploads\/2026\/04\/Lipianska-Hudobna-jar-2026.jpg 1587w\" sizes=\"(max-width: 724px) 100vw, 724px\" \/>\t\t\t\t\t\t\t\t\t\t\t\t\t\t\t<\/div>\n\t\t\t\t<\/div>\n\t\t\t\t\t<\/div>\n\t\t\t\t<\/div>\n\t\t<div class=\"elementor-element elementor-element-1e0057b e-flex e-con-boxed e-con e-parent\" data-id=\"1e0057b\" data-element_type=\"container\">\n\t\t\t\t\t<div class=\"e-con-inner\">\n\t\t\t\t<div class=\"elementor-element elementor-element-5bc7179 elementor-widget elementor-widget-image\" data-id=\"5bc7179\" data-element_type=\"widget\" data-widget_type=\"image.default\">\n\t\t\t\t<div class=\"elementor-widget-container\">\n\t\t\t\t\t\t\t\t\t\t\t\t\t\t\t<img loading=\"lazy\" decoding=\"async\" width=\"724\" height=\"1024\" src=\"https:\/\/farnostlipany.sk\/wp-content\/uploads\/2026\/04\/4-April-724x1024.jpg\" class=\"attachment-large size-large wp-image-13134\" alt=\"\" srcset=\"https:\/\/farnostlipany.sk\/wp-content\/uploads\/2026\/04\/4-April-724x1024.jpg 724w, https:\/\/farnostlipany.sk\/wp-content\/uploads\/2026\/04\/4-April-212x300.jpg 212w, https:\/\/farnostlipany.sk\/wp-content\/uploads\/2026\/04\/4-April-768x1086.jpg 768w, https:\/\/farnostlipany.sk\/wp-content\/uploads\/2026\/04\/4-April-1086x1536.jpg 1086w, https:\/\/farnostlipany.sk\/wp-content\/uploads\/2026\/04\/4-April-1448x2048.jpg 1448w, https:\/\/farnostlipany.sk\/wp-content\/uploads\/2026\/04\/4-April.jpg 1810w\" sizes=\"(max-width: 724px) 100vw, 724px\" \/>\t\t\t\t\t\t\t\t\t\t\t\t\t\t\t<\/div>\n\t\t\t\t<\/div>\n\t\t\t\t\t<\/div>\n\t\t\t\t<\/div>\n\t\t<div class=\"elementor-element elementor-element-ad6017f e-flex e-con-boxed e-con e-parent\" data-id=\"ad6017f\" data-element_type=\"container\">\n\t\t\t\t\t<div class=\"e-con-inner\">\n\t\t\t\t<div class=\"elementor-element elementor-element-f6f7eac elementor-widget elementor-widget-image\" data-id=\"f6f7eac\" data-element_type=\"widget\" data-widget_type=\"image.default\">\n\t\t\t\t<div class=\"elementor-widget-container\">\n\t\t\t\t\t\t\t\t\t\t\t\t\t\t\t<img loading=\"lazy\" decoding=\"async\" width=\"1000\" height=\"706\" src=\"https:\/\/farnostlipany.sk\/wp-content\/uploads\/2025\/06\/Projekt-okna-Lucka-1024x723.jpg\" class=\"attachment-large size-large wp-image-12587\" alt=\"\" srcset=\"https:\/\/farnostlipany.sk\/wp-content\/uploads\/2025\/06\/Projekt-okna-Lucka-1024x723.jpg 1024w, https:\/\/farnostlipany.sk\/wp-content\/uploads\/2025\/06\/Projekt-okna-Lucka-300x212.jpg 300w, https:\/\/farnostlipany.sk\/wp-content\/uploads\/2025\/06\/Projekt-okna-Lucka-768x543.jpg 768w, https:\/\/farnostlipany.sk\/wp-content\/uploads\/2025\/06\/Projekt-okna-Lucka.jpg 1257w\" sizes=\"(max-width: 1000px) 100vw, 1000px\" \/>\t\t\t\t\t\t\t\t\t\t\t\t\t\t\t<\/div>\n\t\t\t\t<\/div>\n\t\t\t\t\t<\/div>\n\t\t\t\t<\/div>\n\t\t<div class=\"elementor-element elementor-element-8d04634 e-flex e-con-boxed e-con e-parent\" data-id=\"8d04634\" data-element_type=\"container\">\n\t\t\t\t\t<div class=\"e-con-inner\">\n\t\t\t\t<div class=\"elementor-element elementor-element-7f22647 elementor-widget elementor-widget-heading\" data-id=\"7f22647\" data-element_type=\"widget\" data-widget_type=\"heading.default\">\n\t\t\t\t<div class=\"elementor-widget-container\">\n\t\t\t\t\t<h2 class=\"elementor-heading-title elementor-size-default\">Doma je doma - TV LUX<\/h2>\t\t\t\t<\/div>\n\t\t\t\t<\/div>\n\t\t\t\t\t<\/div>\n\t\t\t\t<\/div>\n\t\t<div class=\"elementor-element elementor-element-62ad640 e-flex e-con-boxed e-con e-parent\" data-id=\"62ad640\" data-element_type=\"container\">\n\t\t\t\t\t<div class=\"e-con-inner\">\n\t\t\t\t<div class=\"elementor-element elementor-element-b37376d elementor-widget elementor-widget-text-editor\" data-id=\"b37376d\" data-element_type=\"widget\" data-widget_type=\"text-editor.default\">\n\t\t\t\t<div class=\"elementor-widget-container\">\n\t\t\t\t\t\t\t\t\t<h5><strong>Ke\u010f slovo o\u017e\u00edva<\/strong><\/h5>\n<p>V Ko\u0161iciach prebieha cyklus Lectio Divina knihy Genezis.&nbsp;<span style=\"font-family: Vollkorn, serif; font-size: 20px; font-weight: 300;\">O Lectio Divina, ale aj o tomto cykle, n\u00e1m viac prezradil biblista o. Luk\u00e1\u0161 Durkaj, ktor\u00fd tieto modlitebn\u00e9 stretnutia vedie. <\/span><\/p>\n<p><span style=\"font-family: Vollkorn, serif; font-size: 20px; font-weight: 300;\">K Plesu chudobn\u00fdch a s n\u00edm s\u00favisiacou zbierkou spolo\u010densk\u00e9ho oble\u010denia sme sa vr\u00e1tili s organiz\u00e1tormi. <\/span><\/p>\n<p><span style=\"font-family: Vollkorn, serif; font-size: 20px; font-weight: 300;\">O harm\u00f3niu a v\u00fdstave harm\u00f3ni\u00ed n\u00e1m porozpr\u00e1val k\u0148az a milovn\u00edk tohto hudobn\u00e9ho n\u00e1stroja o. Michal Bodn\u00e1r.<\/span><\/p>\t\t\t\t\t\t\t\t<\/div>\n\t\t\t\t<\/div>\n\t\t\t\t\t<\/div>\n\t\t\t\t<\/div>\n\t\t<div class=\"elementor-element elementor-element-c746c10 e-flex e-con-boxed e-con e-parent\" data-id=\"c746c10\" data-element_type=\"container\">\n\t\t\t\t\t<div class=\"e-con-inner\">\n\t\t\t\t<div class=\"elementor-element elementor-element-fa21b27 elementor-widget elementor-widget-image\" data-id=\"fa21b27\" data-element_type=\"widget\" data-widget_type=\"image.default\">\n\t\t\t\t<div class=\"elementor-widget-container\">\n\t\t\t\t\t\t\t\t\t\t\t\t\t\t\t\t<a href=\"https:\/\/www.tvlux.sk\/archiv\/play\/doma-je-doma-2602-36591\" target=\"_blank\">\n\t\t\t\t\t\t\t<img loading=\"lazy\" decoding=\"async\" width=\"1000\" height=\"542\" src=\"https:\/\/farnostlipany.sk\/wp-content\/uploads\/2026\/02\/Lux-1-1024x555.jpg\" class=\"attachment-large size-large wp-image-13023\" alt=\"\" srcset=\"https:\/\/farnostlipany.sk\/wp-content\/uploads\/2026\/02\/Lux-1-1024x555.jpg 1024w, https:\/\/farnostlipany.sk\/wp-content\/uploads\/2026\/02\/Lux-1-300x163.jpg 300w, https:\/\/farnostlipany.sk\/wp-content\/uploads\/2026\/02\/Lux-1-768x416.jpg 768w, https:\/\/farnostlipany.sk\/wp-content\/uploads\/2026\/02\/Lux-1-1536x832.jpg 1536w, https:\/\/farnostlipany.sk\/wp-content\/uploads\/2026\/02\/Lux-1.jpg 1920w\" sizes=\"(max-width: 1000px) 100vw, 1000px\" \/>\t\t\t\t\t\t\t\t<\/a>\n\t\t\t\t\t\t\t\t\t\t\t\t\t\t\t<\/div>\n\t\t\t\t<\/div>\n\t\t\t\t\t<\/div>\n\t\t\t\t<\/div>\n\t\t<div class=\"elementor-element elementor-element-7231fe4 e-flex e-con-boxed e-con e-parent\" data-id=\"7231fe4\" data-element_type=\"container\">\n\t\t\t\t\t<div class=\"e-con-inner\">\n\t\t\t\t<div class=\"elementor-element elementor-element-996b171 elementor-widget elementor-widget-heading\" data-id=\"996b171\" data-element_type=\"widget\" data-widget_type=\"heading.default\">\n\t\t\t\t<div class=\"elementor-widget-container\">\n\t\t\t\t\t<h2 class=\"elementor-heading-title elementor-size-default\">\u00d3, sv\u00e4t\u00e1 noc<\/h2>\t\t\t\t<\/div>\n\t\t\t\t<\/div>\n\t\t\t\t\t<\/div>\n\t\t\t\t<\/div>\n\t\t<div class=\"elementor-element elementor-element-ff6aa70 e-flex e-con-boxed e-con e-parent\" data-id=\"ff6aa70\" data-element_type=\"container\">\n\t\t\t\t\t<div class=\"e-con-inner\">\n\t\t\t\t<div class=\"elementor-element elementor-element-169fd3c elementor-widget elementor-widget-video\" data-id=\"169fd3c\" data-element_type=\"widget\" data-settings=\"{&quot;youtube_url&quot;:&quot;https:\\\/\\\/www.youtube.com\\\/watch?v=OXDpGvVv8zY&quot;,&quot;video_type&quot;:&quot;youtube&quot;,&quot;controls&quot;:&quot;yes&quot;}\" data-widget_type=\"video.default\">\n\t\t\t\t<div class=\"elementor-widget-container\">\n\t\t\t\t\t\t\t<div class=\"elementor-wrapper elementor-open-inline\">\n\t\t\t<div class=\"elementor-video\"><\/div>\t\t<\/div>\n\t\t\t\t\t\t<\/div>\n\t\t\t\t<\/div>\n\t\t\t\t\t<\/div>\n\t\t\t\t<\/div>\n\t\t<div class=\"elementor-element elementor-element-63cd293 e-flex e-con-boxed e-con e-parent\" data-id=\"63cd293\" data-element_type=\"container\">\n\t\t\t\t\t<div class=\"e-con-inner\">\n\t\t\t\t<div class=\"elementor-element elementor-element-cee2518 elementor-widget elementor-widget-heading\" data-id=\"cee2518\" data-element_type=\"widget\" data-widget_type=\"heading.default\">\n\t\t\t\t<div class=\"elementor-widget-container\">\n\t\t\t\t\t<h2 class=\"elementor-heading-title elementor-size-default\">Modlitba za zosnul\u00fdch<\/h2>\t\t\t\t<\/div>\n\t\t\t\t<\/div>\n\t\t\t\t\t<\/div>\n\t\t\t\t<\/div>\n\t\t<div class=\"elementor-element elementor-element-70b39d7 e-flex e-con-boxed e-con e-parent\" data-id=\"70b39d7\" data-element_type=\"container\">\n\t\t\t\t\t<div class=\"e-con-inner\">\n\t\t\t\t<div class=\"elementor-element elementor-element-c00e02d elementor-widget elementor-widget-video\" data-id=\"c00e02d\" data-element_type=\"widget\" data-settings=\"{&quot;youtube_url&quot;:&quot;https:\\\/\\\/www.youtube.com\\\/watch?v=wUnJ08Tcu98&quot;,&quot;video_type&quot;:&quot;youtube&quot;,&quot;controls&quot;:&quot;yes&quot;}\" data-widget_type=\"video.default\">\n\t\t\t\t<div class=\"elementor-widget-container\">\n\t\t\t\t\t\t\t<div class=\"elementor-wrapper elementor-open-inline\">\n\t\t\t<div class=\"elementor-video\"><\/div>\t\t<\/div>\n\t\t\t\t\t\t<\/div>\n\t\t\t\t<\/div>\n\t\t\t\t\t<\/div>\n\t\t\t\t<\/div>\n\t\t<div class=\"elementor-element elementor-element-4300c62 e-flex e-con-boxed e-con e-parent\" data-id=\"4300c62\" data-element_type=\"container\">\n\t\t\t\t\t<div class=\"e-con-inner\">\n\t\t\t\t<div class=\"elementor-element elementor-element-57a5d2a elementor-widget elementor-widget-heading\" data-id=\"57a5d2a\" data-element_type=\"widget\" data-widget_type=\"heading.default\">\n\t\t\t\t<div class=\"elementor-widget-container\">\n\t\t\t\t\t<h2 class=\"elementor-heading-title elementor-size-default\">Socha Sedembolestnej<\/h2>\t\t\t\t<\/div>\n\t\t\t\t<\/div>\n\t\t\t\t\t<\/div>\n\t\t\t\t<\/div>\n\t\t<div class=\"elementor-element elementor-element-a8699de e-flex e-con-boxed e-con e-parent\" data-id=\"a8699de\" data-element_type=\"container\">\n\t\t\t\t\t<div class=\"e-con-inner\">\n\t\t\t\t<div class=\"elementor-element elementor-element-545522d elementor-widget elementor-widget-video\" data-id=\"545522d\" data-element_type=\"widget\" data-settings=\"{&quot;youtube_url&quot;:&quot;https:\\\/\\\/youtu.be\\\/2RjXxf_t5q4&quot;,&quot;video_type&quot;:&quot;youtube&quot;,&quot;controls&quot;:&quot;yes&quot;}\" data-widget_type=\"video.default\">\n\t\t\t\t<div class=\"elementor-widget-container\">\n\t\t\t\t\t\t\t<div class=\"elementor-wrapper elementor-open-inline\">\n\t\t\t<div class=\"elementor-video\"><\/div>\t\t<\/div>\n\t\t\t\t\t\t<\/div>\n\t\t\t\t<\/div>\n\t\t\t\t<div class=\"elementor-element elementor-element-e9de968 elementor-widget elementor-widget-heading\" data-id=\"e9de968\" data-element_type=\"widget\" data-widget_type=\"heading.default\">\n\t\t\t\t<div class=\"elementor-widget-container\">\n\t\t\t\t\t<h2 class=\"elementor-heading-title elementor-size-xxl\"><a href=\"https:\/\/farnostlipany.sk\/?p=10956\">\u010ea\u010dovsk\u00e9 zvony<\/a><\/h2>\t\t\t\t<\/div>\n\t\t\t\t<\/div>\n\t\t\t\t\t<\/div>\n\t\t\t\t<\/div>\n\t\t<div class=\"elementor-element elementor-element-ed5bd68 e-flex e-con-boxed e-con e-parent\" data-id=\"ed5bd68\" data-element_type=\"container\">\n\t\t\t\t\t<div class=\"e-con-inner\">\n\t\t\t\t<div class=\"elementor-element elementor-element-96b01fa elementor-widget elementor-widget-video\" data-id=\"96b01fa\" data-element_type=\"widget\" data-settings=\"{&quot;youtube_url&quot;:&quot;https:\\\/\\\/youtu.be\\\/E9brvBflRyQ&quot;,&quot;video_type&quot;:&quot;youtube&quot;,&quot;controls&quot;:&quot;yes&quot;}\" data-widget_type=\"video.default\">\n\t\t\t\t<div class=\"elementor-widget-container\">\n\t\t\t\t\t\t\t<div class=\"elementor-wrapper elementor-open-inline\">\n\t\t\t<div class=\"elementor-video\"><\/div>\t\t<\/div>\n\t\t\t\t\t\t<\/div>\n\t\t\t\t<\/div>\n\t\t\t\t\t<\/div>\n\t\t\t\t<\/div>\n\t\t<div class=\"elementor-element elementor-element-0273484 e-flex e-con-boxed e-con e-parent\" data-id=\"0273484\" data-element_type=\"container\">\n\t\t\t\t\t<div class=\"e-con-inner\">\n\t\t\t\t<div class=\"elementor-element elementor-element-9090f26 elementor-widget elementor-widget-video\" data-id=\"9090f26\" data-element_type=\"widget\" data-settings=\"{&quot;video_type&quot;:&quot;hosted&quot;,&quot;controls&quot;:&quot;yes&quot;}\" data-widget_type=\"video.default\">\n\t\t\t\t<div class=\"elementor-widget-container\">\n\t\t\t\t\t\t\t<div class=\"e-hosted-video elementor-wrapper elementor-open-inline\">\n\t\t\t\t\t<video class=\"elementor-video\" src=\"https:\/\/farnostlipany.sk\/wp-content\/uploads\/2023\/11\/1000009084.mp4\" controls=\"\" preload=\"metadata\" controlsList=\"nodownload\"><\/video>\n\t\t\t\t<\/div>\n\t\t\t\t\t\t<\/div>\n\t\t\t\t<\/div>\n\t\t\t\t\t<\/div>\n\t\t\t\t<\/div>\n\t\t<div class=\"elementor-element elementor-element-7bdbc4f e-flex e-con-boxed e-con e-parent\" data-id=\"7bdbc4f\" data-element_type=\"container\">\n\t\t\t\t\t<div class=\"e-con-inner\">\n\t\t\t\t<div class=\"elementor-element elementor-element-43a1adb elementor-widget-divider--view-line elementor-widget elementor-widget-divider\" data-id=\"43a1adb\" data-element_type=\"widget\" data-widget_type=\"divider.default\">\n\t\t\t\t<div class=\"elementor-widget-container\">\n\t\t\t\t\t\t\t<div class=\"elementor-divider\">\n\t\t\t<span class=\"elementor-divider-separator\">\n\t\t\t\t\t\t<\/span>\n\t\t<\/div>\n\t\t\t\t\t\t<\/div>\n\t\t\t\t<\/div>\n\t\t\t\t\t<\/div>\n\t\t\t\t<\/div>\n\t\t<div class=\"elementor-element elementor-element-00e5574 e-flex e-con-boxed e-con e-parent\" data-id=\"00e5574\" data-element_type=\"container\">\n\t\t\t\t\t<div class=\"e-con-inner\">\n\t\t\t\t<div class=\"elementor-element elementor-element-cdd3b25 elementor-widget elementor-widget-image\" data-id=\"cdd3b25\" data-element_type=\"widget\" data-widget_type=\"image.default\">\n\t\t\t\t<div class=\"elementor-widget-container\">\n\t\t\t\t\t\t\t\t\t\t\t\t\t\t\t<img loading=\"lazy\" decoding=\"async\" width=\"1000\" height=\"708\" src=\"https:\/\/farnostlipany.sk\/wp-content\/uploads\/2024\/11\/2024_plagat_vyzva-poslancov_RIMKAT_page-0001-1024x725.jpg\" class=\"attachment-large size-large wp-image-11966\" alt=\"\" srcset=\"https:\/\/farnostlipany.sk\/wp-content\/uploads\/2024\/11\/2024_plagat_vyzva-poslancov_RIMKAT_page-0001-1024x725.jpg 1024w, https:\/\/farnostlipany.sk\/wp-content\/uploads\/2024\/11\/2024_plagat_vyzva-poslancov_RIMKAT_page-0001-300x212.jpg 300w, https:\/\/farnostlipany.sk\/wp-content\/uploads\/2024\/11\/2024_plagat_vyzva-poslancov_RIMKAT_page-0001-768x543.jpg 768w, https:\/\/farnostlipany.sk\/wp-content\/uploads\/2024\/11\/2024_plagat_vyzva-poslancov_RIMKAT_page-0001-1536x1087.jpg 1536w, https:\/\/farnostlipany.sk\/wp-content\/uploads\/2024\/11\/2024_plagat_vyzva-poslancov_RIMKAT_page-0001.jpg 1754w\" sizes=\"(max-width: 1000px) 100vw, 1000px\" \/>\t\t\t\t\t\t\t\t\t\t\t\t\t\t\t<\/div>\n\t\t\t\t<\/div>\n\t\t\t\t\t<\/div>\n\t\t\t\t<\/div>\n\t\t<div class=\"elementor-element elementor-element-010307b e-flex e-con-boxed e-con e-parent\" data-id=\"010307b\" data-element_type=\"container\">\n\t\t\t\t\t<div class=\"e-con-inner\">\n\t\t\t\t<div class=\"elementor-element elementor-element-99c462c elementor-widget-divider--view-line elementor-widget elementor-widget-divider\" data-id=\"99c462c\" data-element_type=\"widget\" data-widget_type=\"divider.default\">\n\t\t\t\t<div class=\"elementor-widget-container\">\n\t\t\t\t\t\t\t<div class=\"elementor-divider\">\n\t\t\t<span class=\"elementor-divider-separator\">\n\t\t\t\t\t\t<\/span>\n\t\t<\/div>\n\t\t\t\t\t\t<\/div>\n\t\t\t\t<\/div>\n\t\t\t\t\t<\/div>\n\t\t\t\t<\/div>\n\t\t\t\t<section class=\"elementor-section elementor-top-section elementor-element elementor-element-1f7cf21 elementor-section-boxed elementor-section-height-default elementor-section-height-default\" data-id=\"1f7cf21\" data-element_type=\"section\">\n\t\t\t\t\t\t<div class=\"elementor-container elementor-column-gap-default\">\n\t\t\t\t\t<div class=\"elementor-column elementor-col-100 elementor-top-column elementor-element elementor-element-d66d7ce\" data-id=\"d66d7ce\" data-element_type=\"column\">\n\t\t\t<div class=\"elementor-widget-wrap elementor-element-populated\">\n\t\t\t\t\t\t<div class=\"elementor-element elementor-element-08ac538 elementor-widget elementor-widget-text-editor\" data-id=\"08ac538\" data-element_type=\"widget\" data-widget_type=\"text-editor.default\">\n\t\t\t\t<div class=\"elementor-widget-container\">\n\t\t\t\t\t\t\t\t\t<h3><span style=\"color: #ff6600;\" data-darkreader-inline-color=\"\">Mo\u017enosti pr\u00edpravy na man\u017eelstvo n\u00e1jdete na:<\/span><\/h3><div class=\"navbar-header\"><p class=\"site-title\"><a title=\"Arcidiec\u00e9zne centrum pre rodinu\" href=\"https:\/\/www.rodinake.sk\/\" rel=\"home\">ARCIDIEC\u00c9ZNE CENTRUM PRE RODINU <\/a><a href=\"http:\/\/rodina.rimkat.sk\/\">v Ko\u0161iciach<\/a><\/p><p class=\"site-title\"><a href=\"https:\/\/www.domanzelstva.sk\/\">https:\/\/www.domanzelstva.sk\/<\/a><\/p><\/div>\t\t\t\t\t\t\t\t<\/div>\n\t\t\t\t<\/div>\n\t\t\t\t\t<\/div>\n\t\t<\/div>\n\t\t\t\t\t<\/div>\n\t\t<\/section>\n\t\t<div class=\"elementor-element elementor-element-0414ed4 e-flex e-con-boxed e-con e-parent\" data-id=\"0414ed4\" data-element_type=\"container\">\n\t\t\t\t\t<div class=\"e-con-inner\">\n\t\t\t\t<div class=\"elementor-element elementor-element-7bbecc8 elementor-widget-divider--view-line elementor-widget elementor-widget-divider\" data-id=\"7bbecc8\" data-element_type=\"widget\" data-widget_type=\"divider.default\">\n\t\t\t\t<div class=\"elementor-widget-container\">\n\t\t\t\t\t\t\t<div class=\"elementor-divider\">\n\t\t\t<span class=\"elementor-divider-separator\">\n\t\t\t\t\t\t<\/span>\n\t\t<\/div>\n\t\t\t\t\t\t<\/div>\n\t\t\t\t<\/div>\n\t\t\t\t\t<\/div>\n\t\t\t\t<\/div>\n\t\t\t\t<section class=\"elementor-section elementor-top-section elementor-element elementor-element-2bd8149 elementor-section-boxed elementor-section-height-default elementor-section-height-default\" data-id=\"2bd8149\" data-element_type=\"section\">\n\t\t\t\t\t\t<div class=\"elementor-container elementor-column-gap-default\">\n\t\t\t\t\t<div class=\"elementor-column elementor-col-100 elementor-top-column elementor-element elementor-element-a9733a0\" data-id=\"a9733a0\" data-element_type=\"column\">\n\t\t\t<div class=\"elementor-widget-wrap elementor-element-populated\">\n\t\t\t\t\t\t<div class=\"elementor-element elementor-element-dc6baeb elementor-widget elementor-widget-heading\" data-id=\"dc6baeb\" data-element_type=\"widget\" data-widget_type=\"heading.default\">\n\t\t\t\t<div class=\"elementor-widget-container\">\n\t\t\t\t\t<h2 class=\"elementor-heading-title elementor-size-default\"><a href=\"https:\/\/milujemzivot.sk\/\">Online bioetika pre mlad\u00fdch<\/a><\/h2>\t\t\t\t<\/div>\n\t\t\t\t<\/div>\n\t\t\t\t\t<\/div>\n\t\t<\/div>\n\t\t\t\t\t<\/div>\n\t\t<\/section>\n\t\t<div class=\"elementor-element elementor-element-8a8a605 e-flex e-con-boxed e-con e-parent\" data-id=\"8a8a605\" data-element_type=\"container\">\n\t\t\t\t\t<div class=\"e-con-inner\">\n\t\t\t\t<div class=\"elementor-element elementor-element-7b68e1e elementor-widget-divider--view-line elementor-widget elementor-widget-divider\" data-id=\"7b68e1e\" data-element_type=\"widget\" data-widget_type=\"divider.default\">\n\t\t\t\t<div class=\"elementor-widget-container\">\n\t\t\t\t\t\t\t<div class=\"elementor-divider\">\n\t\t\t<span class=\"elementor-divider-separator\">\n\t\t\t\t\t\t<\/span>\n\t\t<\/div>\n\t\t\t\t\t\t<\/div>\n\t\t\t\t<\/div>\n\t\t\t\t\t<\/div>\n\t\t\t\t<\/div>\n\t\t\t\t<\/div>\n\t\t","protected":false},"excerpt":{"rendered":"<p>Farsk\u00fd list &#8211; AKTU\u00c1LNY Doma je doma &#8211; TV LUX Ke\u010f slovo o\u017e\u00edva V Ko\u0161iciach prebieha cyklus Lectio Divina knihy Genezis.&nbsp;O Lectio Divina, ale aj o tomto cykle, n\u00e1m viac prezradil biblista o. Luk\u00e1\u0161 Durkaj, ktor\u00fd tieto modlitebn\u00e9 stretnutia vedie.<\/p>\n","protected":false},"author":1,"featured_media":0,"parent":0,"menu_order":0,"comment_status":"closed","ping_status":"closed","template":"","meta":{"_monsterinsights_skip_tracking":false,"_monsterinsights_sitenote_active":false,"_monsterinsights_sitenote_note":"","_monsterinsights_sitenote_category":0,"footnotes":""},"class_list":["post-6","page","type-page","status-publish","hentry"],"_links":{"self":[{"href":"https:\/\/farnostlipany.sk\/index.php?rest_route=\/wp\/v2\/pages\/6","targetHints":{"allow":["GET"]}}],"collection":[{"href":"https:\/\/farnostlipany.sk\/index.php?rest_route=\/wp\/v2\/pages"}],"about":[{"href":"https:\/\/farnostlipany.sk\/index.php?rest_route=\/wp\/v2\/types\/page"}],"author":[{"embeddable":true,"href":"https:\/\/farnostlipany.sk\/index.php?rest_route=\/wp\/v2\/users\/1"}],"replies":[{"embeddable":true,"href":"https:\/\/farnostlipany.sk\/index.php?rest_route=%2Fwp%2Fv2%2Fcomments&post=6"}],"version-history":[{"count":6,"href":"https:\/\/farnostlipany.sk\/index.php?rest_route=\/wp\/v2\/pages\/6\/revisions"}],"predecessor-version":[{"id":13137,"href":"https:\/\/farnostlipany.sk\/index.php?rest_route=\/wp\/v2\/pages\/6\/revisions\/13137"}],"wp:attachment":[{"href":"https:\/\/farnostlipany.sk\/index.php?rest_route=%2Fwp%2Fv2%2Fmedia&parent=6"}],"curies":[{"name":"wp","href":"https:\/\/api.w.org\/{rel}","templated":true}]}}