{"id":61,"date":"2019-06-14T20:11:08","date_gmt":"2019-06-14T18:11:08","guid":{"rendered":"http:\/\/farnostlipany.sk\/?page_id=61"},"modified":"2025-03-03T00:17:18","modified_gmt":"2025-03-02T23:17:18","slug":"1-sv-prijimanie","status":"publish","type":"page","link":"https:\/\/farnostlipany.sk\/?page_id=61","title":{"rendered":"1. SV. PRIJ\u00cdMANIE"},"content":{"rendered":"<p><img fetchpriority=\"high\" decoding=\"async\" class=\"aligncenter\" src=\"https:\/\/farnostlipany.sk\/wp-content\/uploads\/2019\/06\/image_gallery-1-199x300.jpg\" sizes=\"(max-width: 199px) 100vw, 199px\" srcset=\"https:\/\/farnostlipany.sk\/wp-content\/uploads\/2019\/06\/image_gallery-1-199x300.jpg 199w, https:\/\/farnostlipany.sk\/wp-content\/uploads\/2019\/06\/image_gallery-1.jpg 252w\" alt=\"\" width=\"199\" height=\"300\" \/><\/p>\n<p>Sv\u00e4t\u00e1 Eucharistia zavr\u0161uje uv\u00e1dzanie do kres\u0165ansk\u00e9ho \u017eivota. T\u00ed, \u010do boli krstom pov\u00fd\u0161en\u00ed na hodnos\u0165 kr\u00e1\u013eovsk\u00e9ho k\u0148azstva a birmovan\u00edm hlb\u0161ie pripodobnen\u00ed Kristovi, prostredn\u00edctvom Eucharistie maj\u00fa s cel\u00fdm spolo\u010denstvom \u00fa\u010das\u0165 na samej P\u00e1novej obete. (KKC 1322)<\/p>\n<p><strong>Ak chcete, aby va\u0161e die\u0165a i\u0161lo na prv\u00e9 sv\u00e4t\u00e9 prij\u00edmanie v na\u0161ej farnosti:<\/strong><\/p>\n<ul>\n<li>die\u0165a mus\u00ed by\u0165 pokrsten\u00fd katol\u00edk (ak je gr\u00e9ckokatol\u00edk, tak jedine s povolen\u00edm miestneho gr\u00e9ckokatol\u00edckeho far\u00e1ra)<\/li>\n<li>die\u0165a mus\u00ed ma\u0165 aspo\u0148 7 rokov \u017eivota<\/li>\n<li>die\u0165a mus\u00ed na \u0161kole nav\u0161tevova\u0165 vyu\u010dovanie katol\u00edckej n\u00e1bo\u017eenskej v\u00fdchovy<\/li>\n<li>ak neb\u00fdvate na \u00fazem\u00ed na\u0161ej farnosti, potrebujete s\u00fahlas far\u00e1ra \u00fazemia, kde b\u00fdvate<\/li>\n<li>je nutn\u00e1 pr\u00edprava v d\u013a\u017eke jedn\u00e9ho \u0161kolsk\u00e9ho roka<\/li>\n<li>rodi\u010dia die\u0165a\u0165a sa musia po\u010das \u0161kolsk\u00e9ho roka povinne z\u00fa\u010dastni\u0165 ka\u017edomesa\u010dn\u00fdch stretnut\u00ed<\/li>\n<li><b>od det\u00ed a ich rodi\u010dov sa po\u010das pr\u00edpravy o\u010dak\u00e1va, aby ovl\u00e1dali ur\u010den\u00e9 vedomosti, nav\u0161tevovali pravidelne bohoslu\u017eby ka\u017ed\u00fa nede\u013eu a v prik\u00e1zan\u00e9 sviatky, doma sa modlili a cel\u00fa z\u00e1le\u017eitos\u0165 brali so v\u0161etkou v\u00e1\u017enos\u0165ou (nie iba ako zvyk, folkl\u00f3r \u010di divadlo)<\/b><\/li>\n<li>prv\u00e9 stretnutie rodi\u010dov sa uskuto\u010dn\u00ed na za\u010diatku \u0161kolsk\u00e9ho roka (sledujte oznamy vo Farskom liste)<\/li>\n<li>ak ste prv\u00e9 stretnutie preme\u0161kali, \u010d\u00edm sk\u00f4r n\u00e1s kontaktujte<\/li>\n<li>ak sa prihl\u00e1site a\u017e v druhom polroku \u0161kolsk\u00e9ho roka, va\u0161e die\u0165a nebude v dano \u0161kolskom roku k prij\u00edmaniu pripusten\u00e9<\/li>\n<li>k prihl\u00e1seniu je do konca prv\u00e9ho polroka \u0161kolsk\u00e9ho roka nutn\u00e9 odovzda\u0165 vyplnen\u00fa a potvrden\u00fa prihl\u00e1\u0161ku. <a href=\"https:\/\/farnostlipany.sk\/wp-content\/uploads\/2019\/09\/prihlaska-1-sv-Prijimanie-Lipany-2019_20.doc\">N\u00e1jdete ju tu.<\/a><\/li>\n<\/ul>\n<p><strong>Ak ste dospel\u00fd, neboli ste e\u0161te na prij\u00edman\u00ed a chceli by ste:<\/strong><\/p>\n<ul>\n<li>prihl\u00e1ste sa v kancel\u00e1rii po\u010das \u00faradn\u00fdch hod\u00edn<\/li>\n<\/ul>\n","protected":false},"excerpt":{"rendered":"<p>Sv\u00e4t\u00e1 Eucharistia zavr\u0161uje uv\u00e1dzanie do kres\u0165ansk\u00e9ho \u017eivota. T\u00ed, \u010do boli krstom pov\u00fd\u0161en\u00ed na hodnos\u0165 kr\u00e1\u013eovsk\u00e9ho k\u0148azstva a birmovan\u00edm hlb\u0161ie pripodobnen\u00ed Kristovi, prostredn\u00edctvom Eucharistie maj\u00fa s cel\u00fdm spolo\u010denstvom \u00fa\u010das\u0165 na samej P\u00e1novej obete. (KKC 1322) Ak chcete, aby va\u0161e die\u0165a i\u0161lo<\/p>\n","protected":false},"author":1,"featured_media":0,"parent":0,"menu_order":0,"comment_status":"closed","ping_status":"closed","template":"","meta":{"_monsterinsights_skip_tracking":false,"_monsterinsights_sitenote_active":false,"_monsterinsights_sitenote_note":"","_monsterinsights_sitenote_category":0,"footnotes":""},"class_list":["post-61","page","type-page","status-publish","hentry"],"_links":{"self":[{"href":"https:\/\/farnostlipany.sk\/index.php?rest_route=\/wp\/v2\/pages\/61","targetHints":{"allow":["GET"]}}],"collection":[{"href":"https:\/\/farnostlipany.sk\/index.php?rest_route=\/wp\/v2\/pages"}],"about":[{"href":"https:\/\/farnostlipany.sk\/index.php?rest_route=\/wp\/v2\/types\/page"}],"author":[{"embeddable":true,"href":"https:\/\/farnostlipany.sk\/index.php?rest_route=\/wp\/v2\/users\/1"}],"replies":[{"embeddable":true,"href":"https:\/\/farnostlipany.sk\/index.php?rest_route=%2Fwp%2Fv2%2Fcomments&post=61"}],"version-history":[{"count":6,"href":"https:\/\/farnostlipany.sk\/index.php?rest_route=\/wp\/v2\/pages\/61\/revisions"}],"predecessor-version":[{"id":12159,"href":"https:\/\/farnostlipany.sk\/index.php?rest_route=\/wp\/v2\/pages\/61\/revisions\/12159"}],"wp:attachment":[{"href":"https:\/\/farnostlipany.sk\/index.php?rest_route=%2Fwp%2Fv2%2Fmedia&parent=61"}],"curies":[{"name":"wp","href":"https:\/\/api.w.org\/{rel}","templated":true}]}}